{"id":4890,"date":"2024-04-03T23:28:25","date_gmt":"2024-04-03T23:28:25","guid":{"rendered":"https:\/\/futland.com.mx\/?page_id=4890"},"modified":"2024-08-15T22:41:09","modified_gmt":"2024-08-15T22:41:09","slug":"mvp","status":"publish","type":"page","link":"https:\/\/futland.com.mx\/?page_id=4890","title":{"rendered":"MVP"},"content":{"rendered":"\t\t<div data-elementor-type=\"wp-page\" data-elementor-id=\"4890\" class=\"elementor elementor-4890\">\n\t\t\t\t<div class=\"elementor-element elementor-element-27305e2 imagenIphoneSE elementor-hidden-desktop e-flex e-con-boxed e-con e-parent\" data-id=\"27305e2\" data-element_type=\"container\">\n\t\t\t\t\t<div class=\"e-con-inner\">\n\t\t\t\t<div class=\"elementor-element elementor-element-9911029 elementor-widget elementor-widget-image\" data-id=\"9911029\" data-element_type=\"widget\" data-widget_type=\"image.default\">\n\t\t\t\t<div class=\"elementor-widget-container\">\n\t\t\t\t\t\t\t\t\t\t\t\t\t\t\t<img fetchpriority=\"high\" decoding=\"async\" width=\"750\" height=\"215\" src=\"https:\/\/i0.wp.com\/futland.com.mx\/wp-content\/uploads\/2024\/04\/MVP-1420X704-1-1.jpg?fit=750%2C215&amp;ssl=1\" class=\"attachment-large size-large wp-image-6934\" alt=\"\" srcset=\"https:\/\/i0.wp.com\/futland.com.mx\/wp-content\/uploads\/2024\/04\/MVP-1420X704-1-1.jpg?w=768&amp;ssl=1 768w, https:\/\/i0.wp.com\/futland.com.mx\/wp-content\/uploads\/2024\/04\/MVP-1420X704-1-1.jpg?resize=300%2C86&amp;ssl=1 300w, https:\/\/i0.wp.com\/futland.com.mx\/wp-content\/uploads\/2024\/04\/MVP-1420X704-1-1.jpg?resize=100%2C29&amp;ssl=1 100w, https:\/\/i0.wp.com\/futland.com.mx\/wp-content\/uploads\/2024\/04\/MVP-1420X704-1-1.jpg?resize=50%2C14&amp;ssl=1 50w, https:\/\/i0.wp.com\/futland.com.mx\/wp-content\/uploads\/2024\/04\/MVP-1420X704-1-1.jpg?resize=25%2C7&amp;ssl=1 25w, https:\/\/i0.wp.com\/futland.com.mx\/wp-content\/uploads\/2024\/04\/MVP-1420X704-1-1.jpg?resize=450%2C129&amp;ssl=1 450w, https:\/\/i0.wp.com\/futland.com.mx\/wp-content\/uploads\/2024\/04\/MVP-1420X704-1-1.jpg?resize=600%2C172&amp;ssl=1 600w\" sizes=\"(max-width: 750px) 100vw, 750px\" \/>\t\t\t\t\t\t\t\t\t\t\t\t\t\t\t<\/div>\n\t\t\t\t<\/div>\n\t\t\t\t\t<\/div>\n\t\t\t\t<\/div>\n\t\t<div class=\"elementor-element elementor-element-01ff7ea e-flex e-con-boxed e-con e-parent\" data-id=\"01ff7ea\" data-element_type=\"container\">\n\t\t\t\t\t<div class=\"e-con-inner\">\n\t\t\t\t<div class=\"elementor-element elementor-element-ed3dcdb iconos elementor-widget elementor-widget-shortcode\" data-id=\"ed3dcdb\" data-element_type=\"widget\" data-widget_type=\"shortcode.default\">\n\t\t\t\t<div class=\"elementor-widget-container\">\n\t\t\t\t\t\t\t<div class=\"elementor-shortcode\"><div class=\"sfsi_widget sfsi_shortcode_container\"><div class=\"norm_row sfsi_wDiv \"  style=\"width:225px;text-align:left;\"><div style='width:40px; height:40px;margin-left:5px;margin-bottom:5px; ' class='sfsi_wicons shuffeldiv ' ><div class='inerCnt'><a class=' sficn' data-effect='' target='_blank' rel='noopener'  href='https:\/\/www.facebook.com\/share\/v5gbYVwPEJaamShf\/?mibextid=qi2Omg' id='sfsiid_facebook_icon' style='width:40px;height:40px;opacity:1;'  ><img data-recalc-dims=\"1\" data-pin-nopin='true' alt='Facebook' title='Facebook' src=\"https:\/\/i0.wp.com\/futland.com.mx\/wp-content\/plugins\/ultimate-social-media-icons\/images\/icons_theme\/thin\/thin_facebook.png?resize=40%2C40&#038;ssl=1\" width=\"40\" height=\"40\" style='' class='sfcm sfsi_wicon ' data-effect=''   \/><\/a><div class=\"sfsi_tool_tip_2 fb_tool_bdr sfsiTlleft\" style=\"opacity:0;z-index:-1;\" id=\"sfsiid_facebook\"><span class=\"bot_arow bot_fb_arow\"><\/span><div class=\"sfsi_inside\"><div  class='icon1'><a href='https:\/\/www.facebook.com\/share\/v5gbYVwPEJaamShf\/?mibextid=qi2Omg' target='_blank' rel='noopener'><img data-recalc-dims=\"1\" data-pin-nopin='true' class='sfsi_wicon' alt='Facebook' title='Facebook' src=\"https:\/\/i0.wp.com\/futland.com.mx\/wp-content\/plugins\/ultimate-social-media-icons\/images\/visit_icons\/Visit_us_fb\/icon_Visit_us_en_US.png?w=750&#038;ssl=1\" \/><\/a><\/div><div  class='icon2'><div class=\"fb-like\" width=\"200\" data-href=\"https:\/\/futland.com.mx\/?page_id=4890&#038;rest_route=\/wp\/v2\/pages\/4890\"  data-send=\"false\" data-layout=\"button_count\" data-action=\"like\"><\/div><\/div><div  class='icon3'><a target='_blank' rel='noopener' href='https:\/\/www.facebook.com\/sharer\/sharer.php?u=https%3A%2F%2Ffutland.com.mx%2F%3Fpage_id%3D4890%26rest_route%3D%2Fwp%2Fv2%2Fpages%2F4890' style='display:inline-block;'  > <img class='sfsi_wicon'  data-pin-nopin='true' alt='fb-share-icon' title='Facebook Share' src='https:\/\/futland.com.mx\/wp-content\/plugins\/ultimate-social-media-icons\/images\/share_icons\/fb_icons\/en_US.svg' \/><\/a><\/div><\/div><\/div><\/div><\/div><div style='width:40px; height:40px;margin-left:5px;margin-bottom:5px; ' class='sfsi_wicons shuffeldiv ' ><div class='inerCnt'><a class=' sficn' data-effect='' target='_blank' rel='noopener'  href='https:\/\/www.youtube.com\/@FutlandW' id='sfsiid_youtube_icon' style='width:40px;height:40px;opacity:1;'  ><img data-recalc-dims=\"1\" data-pin-nopin='true' alt='YouTube' title='YouTube' src=\"https:\/\/i0.wp.com\/futland.com.mx\/wp-content\/plugins\/ultimate-social-media-icons\/images\/icons_theme\/thin\/thin_youtube.png?resize=40%2C40&#038;ssl=1\" width=\"40\" height=\"40\" style='' class='sfcm sfsi_wicon ' data-effect=''   \/><\/a><div class=\"sfsi_tool_tip_2 utube_tool_bdr sfsiTlleft\" style=\"opacity:0;z-index:-1;\" id=\"sfsiid_youtube\"><span class=\"bot_arow bot_utube_arow\"><\/span><div class=\"sfsi_inside\"><div  class='icon1'><a href='https:\/\/www.youtube.com\/@FutlandW'  target='_blank' rel='noopener'><img data-pin-nopin='true' class='sfsi_wicon' alt='YouTube' title='YouTube' src='https:\/\/futland.com.mx\/wp-content\/plugins\/ultimate-social-media-icons\/images\/visit_icons\/Visit_us_youtube\/icon_Visit_us_en_US.svg' \/><\/a><\/div><div  class='icon2'><div>Set Youtube Channel ID<\/div><\/div><\/div><\/div><\/div><\/div><div style='width:40px; height:40px;margin-left:5px;margin-bottom:5px; ' class='sfsi_wicons shuffeldiv ' ><div class='inerCnt'><a class=' sficn' data-effect='' target='_blank' rel='noopener'  href='https:\/\/www.instagram.com\/futlandw?igsh=MWF0N29qajZvNnR6aQ==' id='sfsiid_instagram_icon' style='width:40px;height:40px;opacity:1;'  ><img data-recalc-dims=\"1\" data-pin-nopin='true' alt='Instagram' title='Instagram' src=\"https:\/\/i0.wp.com\/futland.com.mx\/wp-content\/plugins\/ultimate-social-media-icons\/images\/icons_theme\/thin\/thin_instagram.png?resize=40%2C40&#038;ssl=1\" width=\"40\" height=\"40\" style='' class='sfcm sfsi_wicon ' data-effect=''   \/><\/a><\/div><\/div><div style='width:40px; height:40px;margin-left:5px;margin-bottom:5px; ' class='sfsi_wicons shuffeldiv ' ><div class='inerCnt'><a class=' sficn' data-effect='' target='_blank' rel='noopener'  href='https:\/\/www.tiktok.com\/@futlandw?_t=8os7DGl7Bkz&#038;_r=1' id='sfsiid_tiktok_icon' style='width:40px;height:40px;opacity:1;'  ><img data-recalc-dims=\"1\" data-pin-nopin='true' alt='Tiktok' title='Tiktok' src=\"https:\/\/i0.wp.com\/futland.com.mx\/wp-content\/plugins\/ultimate-social-media-icons\/images\/icons_theme\/thin\/thin_tiktok.png?resize=40%2C40&#038;ssl=1\" width=\"40\" height=\"40\" style='' class='sfcm sfsi_wicon ' data-effect=''   \/><\/a><\/div><\/div><\/div ><div id=\"sfsi_holder\" class=\"sfsi_holders\" style=\"position: relative; float: left;width:100%;z-index:-1;\"><\/div ><script>window.addEventListener(\"sfsi_functions_loaded\", function()\n\t\t\t{\n\t\t\t\tif (typeof sfsi_widget_set == \"function\") {\n\t\t\t\t\tsfsi_widget_set();\n\t\t\t\t}\n\t\t\t}); <\/script><div style=\"clear: both;\"><\/div><\/div><\/div>\n\t\t\t\t\t\t<\/div>\n\t\t\t\t<\/div>\n\t\t\t\t\t<\/div>\n\t\t\t\t<\/div>\n\t\t<div class=\"elementor-element elementor-element-c97fa2f imagenPortada e-flex e-con-boxed e-con e-parent\" data-id=\"c97fa2f\" data-element_type=\"container\" data-settings=\"{&quot;background_background&quot;:&quot;classic&quot;}\">\n\t\t\t\t\t<div class=\"e-con-inner\">\n\t\t\t\t\t<\/div>\n\t\t\t\t<\/div>\n\t\t<div class=\"elementor-element elementor-element-39f0bc1 e-flex e-con-boxed e-con e-parent\" data-id=\"39f0bc1\" data-element_type=\"container\">\n\t\t\t\t\t<div class=\"e-con-inner\">\n\t\t\t\t<div class=\"elementor-element elementor-element-bafadcf section-title-style-style1 title_position_default title_hover_border_default title-default img_hover_animation_default readmore-btn-default-style grid-hover-overlay-type-always tpg-el-box-border-enable tpg-border-bottom-disable elementor-widget elementor-widget-tpg-grid-layout\" data-id=\"bafadcf\" data-element_type=\"widget\" data-widget_type=\"tpg-grid-layout.default\">\n\t\t\t\t<div class=\"elementor-widget-container\">\n\t\t\t\t\t\t\t<div class=\"rt-container-fluid rt-tpg-container tpg-el-main-wrapper clearfix grid-layout1-main \"\n\t\t\t id=\"rt-tpg-container-1792890562\"\n\t\t\t data-layout=\"grid-layout1\"\n\t\t\t data-grid-style=\"tpg-full-height\"\n\t\t\t data-sc-id=\"elementor\"\n\t\t\t data-el-settings=''\n\t\t\t data-el-query=''\n\t\t\t data-el-path=''\n\t\t>\n\t\t\t\t\t\t<div class='tpg-header-wrapper '>\n\t\t\t\t\n        <div class=\"tpg-widget-heading-wrapper rt-clear heading-style1 \">\n            <span class=\"tpg-widget-heading-line line-left\"><\/span>\n\t\t\t<h2 class='tpg-widget-heading'>\n\t\t\t\n\t\t\t\t                    <span>\n\t\t\t\t\t\tMVPS\t\t\t\t\t<\/span>\n\t\t\t\t\t\n\t\t\t\t\t\t\t<\/h2>            <span class=\"tpg-widget-heading-line line-right\"><\/span>\n\n\t\t\t\n        <\/div>\n\n\t\t\n\t\t\t\t\t<\/div>\n\n\t\t\t<div data-title=\"Loading ...\" class=\"rt-row rt-content-loader grid-layout1 grid-behaviour tpg-full-height grid_layout_wrapper\">\n\t\t\t\t<div class=\"rt-col-md-4 rt-col-sm-6 rt-col-xs-12 default rt-grid-item post-5594 post type-post status-publish format-standard has-post-thumbnail hentry category-mvp entry\"\t\tdata-id=\"5594\">\n\t<div class=\"rt-holder tpg-post-holder \">\n\t\t<div class=\"rt-detail rt-el-content-wrapper\">\n\t\t\t\t\t\t\t<div class=\"rt-img-holder tpg-el-image-wrap has-thumbnail\">\n\t\t\t\t\t<a data-id=\"5594\" href=\"https:\/\/futland.com.mx\/?p=5594\" class=\"tpg-post-link\" target=\"_self\">                        <img decoding=\"async\" src=\"https:\/\/i0.wp.com\/futland.com.mx\/wp-content\/uploads\/2024\/04\/MVP2.jpg?fit=352%2C463&#038;ssl=1\"\n                             class=\"rt-img-responsive\"\n                             width=\"352\"\n                             height=\"463\"\n                             alt=\"MVP-Semana 3\">\n\t\t\t\t\t\t\n\t\t\t\t\t\t\t\n\t\t<\/a>\n\t\t        <div class=\"overlay grid-hover-content\"><\/div>\n\t\t\t\t\t\t<\/div>\n\t\t\t\n\t\t\t<div class=\"entry-title-wrapper\"><h3 class=\"entry-title\"><a data-id=\"5594\" href=\"https:\/\/futland.com.mx\/?p=5594\" class=\"tpg-post-link\" target=\"_self\">MVP-Semana 3<\/a><\/h3><\/div>\n\t\t\t\n\n\t\t\t\n\t\t\t        <div class=\"post-footer\">\n            <div class=\"post-footer\">\n                <div class=\"read-more\">\n\t\t\t\t\t<a data-id=\"5594\" href=\"https:\/\/futland.com.mx\/?p=5594\" class=\"tpg-post-link\" target=\"_self\">Leer M\u00e1s<\/a>                <\/div>\n            <\/div>\n        <\/div>\n\t\t\t\t<\/div>\n\t<\/div>\n<\/div>\n<div class=\"rt-col-md-4 rt-col-sm-6 rt-col-xs-12 default rt-grid-item post-5592 post type-post status-publish format-standard has-post-thumbnail hentry category-mvp entry\"\t\tdata-id=\"5592\">\n\t<div class=\"rt-holder tpg-post-holder \">\n\t\t<div class=\"rt-detail rt-el-content-wrapper\">\n\t\t\t\t\t\t\t<div class=\"rt-img-holder tpg-el-image-wrap has-thumbnail\">\n\t\t\t\t\t<a data-id=\"5592\" href=\"https:\/\/futland.com.mx\/?p=5592\" class=\"tpg-post-link\" target=\"_self\">                        <img decoding=\"async\" src=\"https:\/\/i0.wp.com\/futland.com.mx\/wp-content\/uploads\/2024\/04\/MVP1.jpg?fit=352%2C463&#038;ssl=1\"\n                             class=\"rt-img-responsive\"\n                             width=\"352\"\n                             height=\"463\"\n                             alt=\"MVP-Semana 2\">\n\t\t\t\t\t\t\n\t\t\t\t\t\t\t\n\t\t<\/a>\n\t\t        <div class=\"overlay grid-hover-content\"><\/div>\n\t\t\t\t\t\t<\/div>\n\t\t\t\n\t\t\t<div class=\"entry-title-wrapper\"><h3 class=\"entry-title\"><a data-id=\"5592\" href=\"https:\/\/futland.com.mx\/?p=5592\" class=\"tpg-post-link\" target=\"_self\">MVP-Semana 2<\/a><\/h3><\/div>\n\t\t\t\n\n\t\t\t\n\t\t\t        <div class=\"post-footer\">\n            <div class=\"post-footer\">\n                <div class=\"read-more\">\n\t\t\t\t\t<a data-id=\"5592\" href=\"https:\/\/futland.com.mx\/?p=5592\" class=\"tpg-post-link\" target=\"_self\">Leer M\u00e1s<\/a>                <\/div>\n            <\/div>\n        <\/div>\n\t\t\t\t<\/div>\n\t<\/div>\n<\/div>\n\t\t\t<\/div>\n\t\t\t\n\t\t<\/div>\n\t\t\t\t\t\t<\/div>\n\t\t\t\t<\/div>\n\t\t\t\t\t<\/div>\n\t\t\t\t<\/div>\n\t\t\t\t<\/div>\n\t\t","protected":false},"excerpt":{"rendered":"<p>MVPS MVP-Semana 3 Leer M\u00e1s MVP-Semana 2 Leer M\u00e1s MVP-Semana 1 Leer M\u00e1s<\/p>\n","protected":false},"author":6,"featured_media":0,"parent":0,"menu_order":0,"comment_status":"closed","ping_status":"closed","template":"elementor_header_footer","meta":{"inline_featured_image":false,"footnotes":""},"class_list":["post-4890","page","type-page","status-publish","hentry","entry"],"jetpack_sharing_enabled":true,"rttpg_featured_image_url":null,"rttpg_author":{"display_name":"Fernando Sanchez","author_link":"https:\/\/futland.com.mx\/?author=6"},"rttpg_comment":0,"rttpg_category":"","rttpg_excerpt":"MVPS MVP-Semana 3 Leer M\u00e1s MVP-Semana 2 Leer M\u00e1s MVP-Semana 1 Leer M\u00e1s","_links":{"self":[{"href":"https:\/\/futland.com.mx\/index.php?rest_route=\/wp\/v2\/pages\/4890","targetHints":{"allow":["GET"]}}],"collection":[{"href":"https:\/\/futland.com.mx\/index.php?rest_route=\/wp\/v2\/pages"}],"about":[{"href":"https:\/\/futland.com.mx\/index.php?rest_route=\/wp\/v2\/types\/page"}],"author":[{"embeddable":true,"href":"https:\/\/futland.com.mx\/index.php?rest_route=\/wp\/v2\/users\/6"}],"replies":[{"embeddable":true,"href":"https:\/\/futland.com.mx\/index.php?rest_route=%2Fwp%2Fv2%2Fcomments&post=4890"}],"version-history":[{"count":157,"href":"https:\/\/futland.com.mx\/index.php?rest_route=\/wp\/v2\/pages\/4890\/revisions"}],"predecessor-version":[{"id":7655,"href":"https:\/\/futland.com.mx\/index.php?rest_route=\/wp\/v2\/pages\/4890\/revisions\/7655"}],"wp:attachment":[{"href":"https:\/\/futland.com.mx\/index.php?rest_route=%2Fwp%2Fv2%2Fmedia&parent=4890"}],"curies":[{"name":"wp","href":"https:\/\/api.w.org\/{rel}","templated":true}]}}